{"id":11,"date":"2025-12-30T10:19:23","date_gmt":"2025-12-30T09:19:23","guid":{"rendered":"https:\/\/new26.roothq.eu\/?page_id=11"},"modified":"2025-12-30T10:19:23","modified_gmt":"2025-12-30T09:19:23","slug":"impressum","status":"publish","type":"page","link":"https:\/\/new26.roothq.eu\/?page_id=11","title":{"rendered":"Impressum"},"content":{"rendered":"\n<section class=\"imprint\">\n\n  <h1>Impressum<\/h1>\n\n  <p><strong>Angaben gem\u00e4\u00df \u00a7 5 TMG<\/strong><\/p>\n\n  <p>\n    <strong>root|Labs<\/strong><br>\n    Gro\u00dfe Str. 15<br>\n    24855 J\u00fcbek<br>\n    Deutschland\n  <\/p>\n\n  <h2>Kontakt<\/h2>\n  <p>\n    Telefon: +49 152 33622998<br>\n    E-Mail: <a href=\"mailto:info@rootHQ.eu\">info@rootHQ.eu<\/a><br>\n    Internet: <a href=\"https:\/\/rootHQ.eu\">https:\/\/rootHQ.eu<\/a>\n  <\/p>\n\n  <h2>Vertreten durch<\/h2>\n  <p>\n    Marc K\u00f6ditz\n  <\/p>\n\n  <h2>Umsatzsteuer-ID<\/h2>\n  <p>\n    Umsatzsteuer-Identifikationsnummer gem\u00e4\u00df \u00a727 a Umsatzsteuergesetz:<br>\n    <em>29\/111\/06615<\/em>\n  <\/p>\n\n  <h2>Berufsbezeichnung und berufsrechtliche Regelungen<\/h2>\n  <p>\n    Berufsbezeichnung: IT-Dienstleister \/ IT-Consulting<br>\n    Zust\u00e4ndige Kammer: <em>nicht zutreffend<\/em><br>\n    Verliehen in: Deutschland\n  <\/p>\n\n  <h2>Verantwortlich f\u00fcr den Inhalt nach \u00a7 18 Abs. 2 MStV<\/h2>\n  <p>\n    Marc K\u00f6ditz<br>\n    Gro\u00dfe Str. 15<br>\n    24855 J\u00fcbek\n  <\/p>\n\n  <h2>EU-Streitschlichtung<\/h2>\n  <p>\n    Die Europ\u00e4ische Kommission stellt eine Plattform zur Online-Streitbeilegung (OS) bereit:<br>\n    <a href=\"https:\/\/ec.europa.eu\/consumers\/odr\" target=\"_blank\" rel=\"noopener noreferrer\">\n      https:\/\/ec.europa.eu\/consumers\/odr\n    <\/a>\n  <\/p>\n  <p>\n    Unsere E-Mail-Adresse findest du oben im Impressum.\n  <\/p>\n\n  <h2>Verbraucherstreitbeilegung \/ Universalschlichtungsstelle<\/h2>\n  <p>\n    Wir sind nicht bereit oder verpflichtet, an Streitbeilegungsverfahren vor einer\n    Verbraucherschlichtungsstelle teilzunehmen.\n  <\/p>\n\n  <h2>Haftung f\u00fcr Inhalte<\/h2>\n  <p>\n    Als Diensteanbieter sind wir gem\u00e4\u00df \u00a7 7 Abs.1 TMG f\u00fcr eigene Inhalte auf diesen Seiten nach den\n    allgemeinen Gesetzen verantwortlich. Nach \u00a7\u00a7 8 bis 10 TMG sind wir als Diensteanbieter jedoch nicht\n    verpflichtet, \u00fcbermittelte oder gespeicherte fremde Informationen zu \u00fcberwachen oder nach Umst\u00e4nden\n    zu forschen, die auf eine rechtswidrige T\u00e4tigkeit hinweisen.\n  <\/p>\n  <p>\n    Verpflichtungen zur Entfernung oder Sperrung der Nutzung von Informationen nach den allgemeinen\n    Gesetzen bleiben hiervon unber\u00fchrt. Eine diesbez\u00fcgliche Haftung ist jedoch erst ab dem Zeitpunkt der\n    Kenntnis einer konkreten Rechtsverletzung m\u00f6glich. Bei Bekanntwerden von entsprechenden\n    Rechtsverletzungen werden wir diese Inhalte umgehend entfernen.\n  <\/p>\n\n  <h2>Haftung f\u00fcr Links<\/h2>\n  <p>\n    Unser Angebot enth\u00e4lt Links zu externen Websites Dritter, auf deren Inhalte wir keinen Einfluss haben.\n    Deshalb k\u00f6nnen wir f\u00fcr diese fremden Inhalte auch keine Gew\u00e4hr \u00fcbernehmen. F\u00fcr die Inhalte der\n    verlinkten Seiten ist stets der jeweilige Anbieter oder Betreiber der Seiten verantwortlich.\n  <\/p>\n  <p>\n    Bei Bekanntwerden von Rechtsverletzungen werden wir derartige Links umgehend entfernen.\n  <\/p>\n\n  <h2>Urheberrecht<\/h2>\n  <p>\n    Die durch die Seitenbetreiber erstellten Inhalte und Werke auf diesen Seiten unterliegen dem deutschen\n    Urheberrecht. Die Vervielf\u00e4ltigung, Bearbeitung, Verbreitung und jede Art der Verwertung au\u00dferhalb der\n    Grenzen des Urheberrechtes bed\u00fcrfen der schriftlichen Zustimmung des jeweiligen Autors bzw. Erstellers.\n  <\/p>\n\n<\/section>\n","protected":false},"excerpt":{"rendered":"<p>Impressum Angaben gem\u00e4\u00df \u00a7 5 TMG root|Labs Gro\u00dfe Str. 15 24855 J\u00fcbek Deutschland Kontakt Telefon: +49 152 33622998 E-Mail: info@rootHQ.eu Internet: https:\/\/rootHQ.eu Vertreten durch Marc K\u00f6ditz Umsatzsteuer-ID Umsatzsteuer-Identifikationsnummer gem\u00e4\u00df \u00a727 a Umsatzsteuergesetz: 29\/111\/06615 Berufsbezeichnung und berufsrechtliche Regelungen Berufsbezeichnung: IT-Dienstleister \/ IT-Consulting Zust\u00e4ndige Kammer: nicht zutreffend Verliehen in: Deutschland Verantwortlich f\u00fcr den Inhalt nach \u00a7 18&#8230;<\/p>\n<p class=\"more-link\"><a href=\"https:\/\/new26.roothq.eu\/?page_id=11\"><span>Read More<\/span><i>&#43;<\/i><\/a><\/p>\n","protected":false},"author":1,"featured_media":0,"parent":0,"menu_order":0,"comment_status":"closed","ping_status":"closed","template":"","meta":{"footnotes":""},"class_list":["post-11","page","type-page","status-publish","hentry"],"_links":{"self":[{"href":"https:\/\/new26.roothq.eu\/index.php?rest_route=\/wp\/v2\/pages\/11","targetHints":{"allow":["GET"]}}],"collection":[{"href":"https:\/\/new26.roothq.eu\/index.php?rest_route=\/wp\/v2\/pages"}],"about":[{"href":"https:\/\/new26.roothq.eu\/index.php?rest_route=\/wp\/v2\/types\/page"}],"author":[{"embeddable":true,"href":"https:\/\/new26.roothq.eu\/index.php?rest_route=\/wp\/v2\/users\/1"}],"replies":[{"embeddable":true,"href":"https:\/\/new26.roothq.eu\/index.php?rest_route=%2Fwp%2Fv2%2Fcomments&post=11"}],"version-history":[{"count":1,"href":"https:\/\/new26.roothq.eu\/index.php?rest_route=\/wp\/v2\/pages\/11\/revisions"}],"predecessor-version":[{"id":12,"href":"https:\/\/new26.roothq.eu\/index.php?rest_route=\/wp\/v2\/pages\/11\/revisions\/12"}],"wp:attachment":[{"href":"https:\/\/new26.roothq.eu\/index.php?rest_route=%2Fwp%2Fv2%2Fmedia&parent=11"}],"curies":[{"name":"wp","href":"https:\/\/api.w.org\/{rel}","templated":true}]}}